{"id":23,"date":"2018-10-16T10:38:45","date_gmt":"2018-10-16T10:38:45","guid":{"rendered":"http:\/\/wordpress.kanzlei-marschner.de\/?page_id=23"},"modified":"2018-11-06T11:51:59","modified_gmt":"2018-11-06T11:51:59","slug":"finanz-lohnbuchhaltung","status":"publish","type":"page","link":"http:\/\/wordpress.kanzlei-marschner.de\/?page_id=23","title":{"rendered":"Finanzbuchhaltung"},"content":{"rendered":"\n<div class=\"art-content-layout-wrapper layout-item-0\">\n<div class=\"art-content-layout layout-item-1\">\n<div class=\"art-content-layout-row\">\n<div class=\"art-layout-cell layout-item-2\" style=\"width: 100%;\"><h3 class=\"MsoNormal\"><span style=\"color: #6ea5c9; font-family: 'Trebuchet MS', Arial, Helvetica, sans-serif; font-size: 20px; font-weight: bold; text-transform: uppercase;\">Warum zu Marschner Unternehmensberatung<\/span><\/h3><\/div>\n<\/div>\n<\/div>\n<\/div>\n\n\n\n<div class=\"art-content-layout-wrapper layout-item-0\">\n<div class=\"art-content-layout layout-item-1\">\n<div class=\"art-content-layout-row\">\n<div class=\"art-layout-cell layout-item-2\" style=\"width: 100%;\">\n\n<p>&nbsp;<\/p>\n\n<p>Wir treiben die Digitalisierung st\u00e4ndig voran, vergessen aber auf dem weg zum papierlosen B\u00fcros nicht den Mandanten, sondern nehmen uns gerne Zeit f\u00fcr die pers\u00f6nlichen Belange.<br\/> <\/p>\n\n<p>&nbsp;<\/p>\n\n<p>Ihre Unterlagen k\u00f6nnen Sie bequem \u00fcber unseren Upload-Bereich zu uns hochladen. Wir holen Ihre Unterlagen aber auch gerne in vorher ausgemachten Zyklen bei Ihnen vor Ort ab und digitalisieren diese bei uns.<br\/><\/p>\n\n<p>&nbsp;<\/p>\n\n<p>Gerne beraten wir Sie in einem pers\u00f6nlichem Gespr\u00e4ch \u00fcber die M\u00f6glichkeiten, die Ihnen unsere Kanzlei bietet und unterbreiten Ihnen ein unverbindliches Angebot.<br\/><\/p>\n\n<p>&nbsp;<\/p>\n\n<p>Eine \u00dcbersicht unserer Leistungen im Bereich der Finanz- und Lohnbuchhaltung* sehen Sie hier im Nachgang.<br\/><\/p>\n\n<p>&nbsp;<\/p>\n\n<\/div>\n<\/div>\n<\/div>\n<\/p>\n\n\n\n<p><\/p>\n\n\n<div class=\"art-content-layout-wrapper layout-item-0\">\n<div class=\"art-content-layout layout-item-1\">\n<div class=\"art-content-layout-row\">\n<div class=\"art-layout-cell layout-item-2\" style=\"width: 100%;\">\n<h6 class=\"MsoNormal\"><span style=\"color: #6ea5c9; font-family: 'Trebuchet MS', Arial, Helvetica, sans-serif; font-size: 20px; font-weight: bold; text-transform: uppercase;\">Finanzbuchhaltung*<\/span><\/h6>\n<\/div>\n<\/div>\n<\/div>\n<\/div>\n<div class=\"art-content-layout-wrapper layout-item-0\">\n<div class=\"art-content-layout layout-item-1\">\n<div class=\"art-content-layout-row\">\n<div class=\"art-layout-cell layout-item-2\" style=\"width: 100%;\">\n<p class=\"MsoNormal\"><span lang=\"de\" style=\"font-size: 14pt; font-family: Garamond; font-weight: bold;\">Leistungen im \u00dcberblick<\/span><\/p>\n<p class=\"MsoNormal\">\u00a0<\/p>\n<p class=\"MsoNormal\"><span style=\"font-family: Verdana; font-size: 12px;\"><span style=\"unicode-bidi: embed; color: black;\">\u00a8<\/span>\u00a0<span lang=\"de\">Sortieren und Ordnen Ihrer Buchhaltungsunterlagen<\/span><\/span><\/p>\n<p class=\"MsoNormal\" style=\"margin-left: 14.1732pt; text-indent: -14.1732pt;\"><span style=\"font-family: Verdana; font-size: 12px;\"><span style=\"unicode-bidi: embed; color: black;\">\u00a8<\/span>\u00a0<span lang=\"de\">Das Kontieren der Belege<\/span><\/span><\/p>\n<p class=\"MsoNormal\" style=\"margin-left: 14.1732pt; text-indent: -14.1732pt;\"><span style=\"font-family: Verdana; font-size: 12px;\"><span style=\"unicode-bidi: embed; color: black;\">\u00a8<\/span>\u00a0<span lang=\"de\">Das Buchen der laufenden Gesch\u00e4ftsvorf\u00e4lle der Finanzbuchhaltung<\/span><\/span><\/p>\n<p class=\"MsoNormal\" style=\"margin-left: 14.1732pt; text-indent: -14.1732pt;\"><span style=\"font-family: Verdana; font-size: 12px;\"><span style=\"unicode-bidi: embed; color: black;\">\u00a8<\/span>\u00a0<span lang=\"de\">Offene-Posten-Buchhaltung<\/span><\/span><\/p>\n<p class=\"MsoNormal\" style=\"margin-left: 14.1732pt; text-indent: -14.1732pt;\"><span style=\"font-family: Verdana; font-size: 12px;\"><span style=\"unicode-bidi: embed; color: black;\">\u00a8<\/span>\u00a0<span lang=\"de\">Debitoren\u2013 und Kreditoren\u00fcberwachung<\/span><\/span><\/p>\n<p class=\"MsoNormal\" style=\"margin-left: 14.1732pt; text-indent: -14.1732pt;\"><span style=\"font-family: Verdana; font-size: 12px;\"><span style=\"unicode-bidi: embed; color: black;\">\u00a8<\/span>\u00a0<span lang=\"de\">Finanz\u2013 und Liquidit\u00e4tsplanung<\/span><\/span><\/p>\n<p class=\"MsoNormal\" style=\"margin-left: 14.1732pt; text-indent: -14.1732pt;\"><span style=\"font-family: Verdana; font-size: 12px;\"><span style=\"unicode-bidi: embed; color: black;\">\u00a8<\/span>\u00a0<span lang=\"de\">Zahlungsverkehr<\/span><\/span><\/p>\n<p class=\"MsoNormal\" style=\"margin-left: 14.1732pt; text-indent: -14.1732pt;\"><span style=\"font-family: Verdana; font-size: 12px;\"><span style=\"unicode-bidi: embed; color: black;\">\u00a8<\/span>\u00a0<span lang=\"de\">Kfm. Mahnwesen<\/span><\/span><\/p>\n<p class=\"MsoNormal\" style=\"margin-left: 14.1732pt; text-indent: -14.1732pt;\"><span style=\"font-family: Verdana; font-size: 12px;\"><span style=\"unicode-bidi: embed; color: black;\">\u00a8<\/span>\u00a0<span lang=\"de\">Weitere kfm. Dienstleistungen auf Anfrage<\/span><\/span><\/p>\n<p class=\"MsoNormal\"><span style=\"font-family: 'Trebuchet MS';\">\u00a0<\/span><\/p>\n<p class=\"MsoNormal\" style=\"text-align: justify;\"><span style=\"font-family: Verdana; font-size: 12px;\"><span lang=\"de\">Wir bereiten Ihre<\/span>\u00a0<span lang=\"de\" style=\"font-weight: bold;\">Gesch\u00e4ftszahlen betriebswirtschaftlich<\/span>\u00a0<span lang=\"de\">auf. Dadurch erm\u00f6glichen wir Ihnen eine umfassende Analyse Ihres Unternehmens.<\/span><\/span><\/p>\n<p class=\"MsoNormal\" style=\"text-align: justify;\"><span style=\"font-family: Verdana; font-size: 12px;\">\u00a0<\/span><\/p>\n<p class=\"MsoNormal\" style=\"text-align: justify;\"><span style=\"font-family: Verdana; font-size: 12px;\"><span lang=\"de\" style=\"font-weight: bold;\">Individuelle Zahlen\u00fcbersichten<\/span>\u00a0<span lang=\"de\">und<\/span>\u00a0<span lang=\"de\" style=\"font-weight: bold;\">grafische Darstellungen<\/span>\u00a0<span lang=\"de\">lassen Sie auf einen Blick die<\/span>\u00a0<span lang=\"de\" style=\"font-weight: bold;\">aktuelle Lage Ihres Unternehmens<\/span>\u00a0<span lang=\"de\">erkennen.<\/span><\/span><\/p>\n<p class=\"MsoNormal\" style=\"text-align: justify;\"><span style=\"font-family: Verdana; font-size: 12px;\">\u00a0<\/span><\/p>\n<p class=\"MsoNormal\" style=\"text-align: justify;\"><span style=\"font-family: Verdana; font-size: 12px;\"><span lang=\"de\">Die mittel-, kurz\u2013 oder langfristige Gesch\u00e4ftsentwicklung stellen wir auf Wunsch in<\/span>\u00a0<span lang=\"de\" style=\"font-weight: bold;\">aussagekr\u00e4ftigen Auswertungen<\/span>\u00a0<span lang=\"de\">zusammen.<\/span><\/span><\/p>\n<p class=\"MsoNormal\" style=\"text-align: justify;\"><span style=\"font-family: Verdana; font-size: 12px;\">\u00a0<\/span><\/p>\n<p class=\"MsoNormal\" style=\"text-align: justify;\"><span style=\"font-family: Verdana; font-size: 12px;\"><span lang=\"de\" style=\"font-weight: bold;\">Regelm\u00e4\u00dfige Gespr\u00e4che helfen Ihnen<\/span><span lang=\"de\">, die<\/span>\u00a0<span lang=\"de\" style=\"font-weight: bold;\">richtigen betriebswirtschaftlichen Entscheidungen<\/span>\u00a0<span lang=\"de\">zu treffen.<\/span><\/span><\/p>\n<\/div>\n<\/div>\n<\/div>\n<\/div>\n<div class=\"art-content-layout-wrapper layout-item-3\">\n<div class=\"art-content-layout layout-item-1\">\n<div class=\"art-content-layout-row\">\n<div class=\"art-layout-cell layout-item-2\" style=\"width: 100%;\">\n<h6><span style=\"font-weight: bold; font-family: 'Trebuchet MS'; font-size: 20px; color: #5092be;\">Lohnbuchhaltung<\/span><\/h6>\n<\/div>\n<\/div>\n<\/div>\n<\/div>\n<div class=\"art-content-layout-wrapper layout-item-0\">\n<div class=\"art-content-layout layout-item-1\">\n<div class=\"art-content-layout-row\">\n<div class=\"art-layout-cell layout-item-2\" style=\"width: 100%;\">\n<p class=\"MsoNormal\"><span lang=\"de\" style=\"font-size: 14pt; font-family: Garamond; font-weight: bold;\">Auszug aus unserer Leistungspalette<\/span><\/p>\n<p class=\"MsoNormal\">\u00a0<\/p>\n<p class=\"MsoNormal\"><span lang=\"de\" style=\"font-size: 12pt; font-family: Garamond;\">Zusammenstellung der Lohnabrechnungsdaten<\/span><\/p>\n<p class=\"MsoNormal\" style=\"margin-left: 14.1732pt; text-indent: -14.1732pt;\"><span style=\"unicode-bidi: embed; font-family: Symbol; font-size: 10pt; color: black;\">\u00a8<\/span>\u00a0<span lang=\"de\" style=\"font-size: 12pt; font-family: Garamond;\">Bruttol\u00f6hne oder Nettol\u00f6hne<\/span><\/p>\n<p class=\"MsoNormal\" style=\"margin-left: 14.1732pt; text-indent: -14.1732pt;\"><span style=\"unicode-bidi: embed; font-family: Symbol; font-size: 10pt; color: black;\">\u00a8<\/span>\u00a0<span lang=\"de\" style=\"font-size: 12pt; font-family: Garamond;\">Abrechnung von Bau\u2013 und Baunebenl\u00f6hne<\/span><\/p>\n<p class=\"MsoNormal\" style=\"margin-left: 14.1732pt; text-indent: -14.1732pt;\"><span style=\"unicode-bidi: embed; font-family: Symbol; font-size: 10pt; color: black;\">\u00a8<\/span>\u00a0<span lang=\"de\" style=\"font-size: 12pt; font-family: Garamond;\">Abrechnung von geringf\u00fcgig Besch\u00e4ftigten (Mini-Jobs), kurzfristig Besch\u00e4ftigten, Praktikanten, Vorruhest\u00e4ndlern und Kurzarbeitergeld<\/span><\/p>\n<p class=\"MsoNormal\" style=\"margin-left: 14.1732pt; text-indent: -14.1732pt;\"><span style=\"unicode-bidi: embed; font-family: Symbol; font-size: 10pt; color: black;\">\u00a8<\/span>\u00a0<span lang=\"de\" style=\"font-size: 12pt; font-family: Garamond;\">Sachbez\u00fcge<\/span><\/p>\n<p class=\"MsoNormal\" style=\"margin-left: 14.1732pt; text-indent: -14.1732pt;\"><span style=\"unicode-bidi: embed; font-family: Symbol; font-size: 10pt; color: black;\">\u00a8<\/span>\u00a0<span lang=\"de\" style=\"font-size: 12pt; font-family: Garamond;\">Verm\u00f6genswirksame Leistungen<\/span><\/p>\n<p class=\"MsoNormal\" style=\"margin-left: 14.1732pt; text-indent: -14.1732pt;\"><span style=\"unicode-bidi: embed; font-family: Symbol; font-size: 10pt; color: black;\">\u00a8<\/span>\u00a0<span lang=\"de\" style=\"font-size: 12pt; font-family: Garamond;\">Betriebliche Altersvorsorge<\/span><\/p>\n<p class=\"MsoNormal\">\u00a0<\/p>\n<p class=\"MsoNormal\"><span lang=\"de\" style=\"font-size: 12pt; font-family: Garamond;\">Datenverarbeitung und Berechnungen<\/span><\/p>\n<p class=\"MsoNormal\" style=\"margin-left: 14.1732pt; text-indent: -14.1732pt;\"><span style=\"unicode-bidi: embed; font-family: Symbol; font-size: 10pt; color: black;\">\u00a8<\/span>\u00a0<span lang=\"de\" style=\"font-size: 12pt; font-family: Garamond;\">Berechnung lfd. Lohn\u2013 und Gehaltsabrechnung<\/span><\/p>\n<p class=\"MsoNormal\" style=\"margin-left: 14.1732pt; text-indent: -14.1732pt;\"><span style=\"unicode-bidi: embed; font-family: Symbol; font-size: 10pt; color: black;\">\u00a8<\/span>\u00a0<span lang=\"de\" style=\"font-size: 12pt; font-family: Garamond;\">Lohnsteuer<\/span><\/p>\n<p class=\"MsoNormal\" style=\"margin-left: 14.1732pt; text-indent: -14.1732pt;\"><span style=\"unicode-bidi: embed; font-family: Symbol; font-size: 10pt; color: black;\">\u00a8<\/span>\u00a0<span lang=\"de\" style=\"font-size: 12pt; font-family: Garamond;\">Solidarit\u00e4tszuschlag<\/span><\/p>\n<p class=\"MsoNormal\" style=\"margin-left: 14.1732pt; text-indent: -14.1732pt;\"><span style=\"unicode-bidi: embed; font-family: Symbol; font-size: 10pt; color: black;\">\u00a8<\/span>\u00a0<span lang=\"de\" style=\"font-size: 12pt; font-family: Garamond;\">Rentenversicherungsbeitr\u00e4ge<\/span><\/p>\n<p class=\"MsoNormal\" style=\"margin-left: 14.1732pt; text-indent: -14.1732pt;\"><span style=\"unicode-bidi: embed; font-family: Symbol; font-size: 10pt; color: black;\">\u00a8<\/span>\u00a0<span lang=\"de\" style=\"font-size: 12pt; font-family: Garamond;\">Krankenversicherungsbeitr\u00e4ge<\/span><\/p>\n<p class=\"MsoNormal\" style=\"margin-left: 14.1732pt; text-indent: -14.1732pt;\"><span style=\"unicode-bidi: embed; font-family: Symbol; font-size: 10pt; color: black;\">\u00a8<\/span>\u00a0<span lang=\"de\" style=\"font-size: 12pt; font-family: Garamond;\">Arbeitslosenversicherungsbeitr\u00e4ge<\/span><\/p>\n<p class=\"MsoNormal\" style=\"margin-left: 14.1732pt; text-indent: -14.1732pt;\"><span style=\"unicode-bidi: embed; font-family: Symbol; font-size: 10pt; color: black;\">\u00a8<\/span>\u00a0<span lang=\"de\" style=\"font-size: 12pt; font-family: Garamond;\">Pflegeversicherungsbeitr\u00e4ge<\/span><\/p>\n<p class=\"MsoNormal\" style=\"margin-left: 14.1732pt; text-indent: -14.1732pt;\"><span style=\"unicode-bidi: embed; font-family: Symbol; font-size: 10pt; color: black;\">\u00a8<\/span>\u00a0<span lang=\"de\" style=\"font-size: 12pt; font-family: Garamond;\">Berechnung von Abschlagszahlungen<\/span><\/p>\n<p class=\"MsoNormal\" style=\"margin-left: 14.1732pt; text-indent: -14.1732pt;\"><span style=\"unicode-bidi: embed; font-family: Symbol; font-size: 10pt; color: black;\">\u00a8<\/span>\u00a0<span lang=\"de\" style=\"font-size: 12pt; font-family: Garamond;\">Pauschalierte Lohnsteuer<\/span><\/p>\n<p class=\"MsoNormal\" style=\"margin-left: 14.1732pt; text-indent: -14.1732pt;\"><span style=\"unicode-bidi: embed; font-family: Symbol; font-size: 10pt; color: black;\">\u00a8<\/span>\u00a0<span lang=\"de\" style=\"font-size: 12pt; font-family: Garamond;\">Erstellung von Lohnsteuervoranmeldung<\/span><\/p>\n<p class=\"MsoNormal\" style=\"margin-left: 14.1732pt; text-indent: -14.1732pt;\"><span style=\"unicode-bidi: embed; font-family: Symbol; font-size: 10pt; color: black;\">\u00a8<\/span>\u00a0<span lang=\"de\" style=\"font-size: 12pt; font-family: Garamond;\">Meldung zur Sozialversicherung<\/span><\/p>\n<p class=\"MsoNormal\" style=\"margin-left: 14.1732pt; text-indent: -14.1732pt;\"><span style=\"unicode-bidi: embed; font-family: Symbol; font-size: 10pt; color: black;\">\u00a8<\/span>\u00a0<span lang=\"de\" style=\"font-size: 12pt; font-family: Garamond;\">ELStAM-Meldung<\/span><\/p>\n<p class=\"MsoNormal\" style=\"margin-left: 14.1732pt; text-indent: -14.1732pt;\"><span style=\"unicode-bidi: embed; font-family: Symbol; font-size: 10pt; color: black;\">\u00a8<\/span>\u00a0<span lang=\"de\" style=\"font-size: 12pt; font-family: Garamond;\">Erstellen der Beitragssch\u00e4tzungen (Krankenkassenmeldung)<\/span><\/p>\n<p class=\"MsoNormal\" style=\"margin-left: 14.1732pt; text-indent: -14.1732pt;\"><span style=\"unicode-bidi: embed; font-family: Symbol; font-size: 10pt; color: black;\">\u00a8<\/span>\u00a0<span lang=\"de\" style=\"font-size: 12pt; font-family: Garamond;\">Meldung an die Berufsgenossenschaft<\/span><\/p>\n<p class=\"MsoNormal\" style=\"margin-left: 14.1732pt; text-indent: -14.1732pt;\"><span style=\"unicode-bidi: embed; font-family: Symbol; font-size: 10pt; color: black;\">\u00a8<\/span>\u00a0<span lang=\"de\" style=\"font-size: 12pt; font-family: Garamond;\">Meldung an die Sonder\u2013, Renten- und Urlaubskassen des Bau\u2013 und Baunebengewerbe<\/span><\/p>\n<p class=\"MsoNormal\">\u00a0<\/p>\n<p class=\"MsoNormal\">\u00a0<\/p>\n<p class=\"MsoNormal\" style=\"text-align: justify;\"><span lang=\"de\" style=\"font-size: 11pt; font-family: Garamond;\">Als Experten sind wir spezialisiert auf die Erstellung der laufenden Lohn\u2013 und Gehaltsabrechnung. Mit Hilfe moderner Informationstechnologie bieten wir Ihnen ma\u00dfgeschneiderte Betreuung im Bereich Personalwesen.<\/span><\/p>\n<p class=\"MsoNormal\">\u00a0<\/p>\n<\/div>\n<\/div>\n<\/div>\n<\/div>","protected":false},"excerpt":{"rendered":"<p>Warum zu Marschner Unternehmensberatung &nbsp; Wir treiben die Digitalisierung st\u00e4ndig voran, vergessen aber auf dem weg zum papierlosen B\u00fcros nicht den Mandanten, sondern nehmen uns gerne Zeit f\u00fcr die pers\u00f6nlichen Belange. &nbsp; Ihre Unterlagen k\u00f6nnen Sie bequem \u00fcber unseren Upload-Bereich zu uns hochladen. Wir holen Ihre Unterlagen aber auch gerne in vorher ausgemachten Zyklen bei [&hellip;]<\/p>\n","protected":false},"author":1,"featured_media":0,"parent":21,"menu_order":4,"comment_status":"closed","ping_status":"closed","template":"","meta":{"footnotes":""},"class_list":["post-23","page","type-page","status-publish","hentry"],"_links":{"self":[{"href":"http:\/\/wordpress.kanzlei-marschner.de\/index.php?rest_route=\/wp\/v2\/pages\/23","targetHints":{"allow":["GET"]}}],"collection":[{"href":"http:\/\/wordpress.kanzlei-marschner.de\/index.php?rest_route=\/wp\/v2\/pages"}],"about":[{"href":"http:\/\/wordpress.kanzlei-marschner.de\/index.php?rest_route=\/wp\/v2\/types\/page"}],"author":[{"embeddable":true,"href":"http:\/\/wordpress.kanzlei-marschner.de\/index.php?rest_route=\/wp\/v2\/users\/1"}],"replies":[{"embeddable":true,"href":"http:\/\/wordpress.kanzlei-marschner.de\/index.php?rest_route=%2Fwp%2Fv2%2Fcomments&post=23"}],"version-history":[{"count":21,"href":"http:\/\/wordpress.kanzlei-marschner.de\/index.php?rest_route=\/wp\/v2\/pages\/23\/revisions"}],"predecessor-version":[{"id":202,"href":"http:\/\/wordpress.kanzlei-marschner.de\/index.php?rest_route=\/wp\/v2\/pages\/23\/revisions\/202"}],"up":[{"embeddable":true,"href":"http:\/\/wordpress.kanzlei-marschner.de\/index.php?rest_route=\/wp\/v2\/pages\/21"}],"wp:attachment":[{"href":"http:\/\/wordpress.kanzlei-marschner.de\/index.php?rest_route=%2Fwp%2Fv2%2Fmedia&parent=23"}],"curies":[{"name":"wp","href":"https:\/\/api.w.org\/{rel}","templated":true}]}}